{"id":1901,"date":"2023-11-19T12:23:48","date_gmt":"2023-11-19T12:23:48","guid":{"rendered":"https:\/\/mhsgroup-eg.com\/fr\/?page_id=1901"},"modified":"2024-09-16T13:55:44","modified_gmt":"2024-09-16T13:55:44","slug":"mouchoirs-en-papier-et-lingettes-humides","status":"publish","type":"page","link":"https:\/\/mhsgroup-eg.com\/fr\/mouchoirs-en-papier-et-lingettes-humides\/","title":{"rendered":"Mouchoirs en papier et lingettes humides"},"content":{"rendered":"\t\t<div data-elementor-type=\"wp-page\" data-elementor-id=\"1901\" class=\"elementor elementor-1901\">\n\t\t\t\t\t\t\t\t\t<section class=\"elementor-section elementor-top-section elementor-element elementor-element-aa9f4fe elementor-section-boxed elementor-section-height-default elementor-section-height-default\" data-id=\"aa9f4fe\" data-element_type=\"section\">\n\t\t\t\t\t\t<div class=\"elementor-container elementor-column-gap-default\">\n\t\t\t\t\t<div class=\"elementor-column elementor-col-50 elementor-top-column elementor-element elementor-element-27bcdce\" data-id=\"27bcdce\" data-element_type=\"column\">\n\t\t\t<div class=\"elementor-widget-wrap elementor-element-populated\">\n\t\t\t\t\t\t\t\t<div class=\"elementor-element elementor-element-93a7643 elementor-widget elementor-widget-cz_title\" data-id=\"93a7643\" data-element_type=\"widget\" data-widget_type=\"cz_title.default\">\n\t\t\t\t<div class=\"elementor-widget-container\">\n\t\t\t\t\r\n\t\t<div>\r\n\t\t\t<div class=\"cz_title clr cz_title_pos_inline tar\"><div class=\"cz_title_content\"><span class=\"cz_line_side_solo\">_<\/span><div class=\"cz_wpe_content\"><h3 style=\"text-align: right;\"><span style=\"font-size: 28px;\">Tissus et lingettes humides<\/span><\/h3><\/div><\/div><\/div>\r\n\t\t<\/div>\r\n\t\t\r\n\t\t\t\t<\/div>\n\t\t\t\t<\/div>\n\t\t\t\t<div class=\"elementor-element elementor-element-672f17a elementor-widget elementor-widget-cz_title\" data-id=\"672f17a\" data-element_type=\"widget\" data-widget_type=\"cz_title.default\">\n\t\t\t\t<div class=\"elementor-widget-container\">\n\t\t\t\t\r\n\t\t<div>\r\n\t\t\t<div class=\"cz_title clr cz_title_pos_inline\"><div class=\"cz_title_content\"><div class=\"cz_wpe_content\"><div style=\"line-height: 1.3; text-align: justify;\"><span style=\"font-size: 18px;\">Nous sommes les repr\u00e9sentants de grandes entreprises \u00e9gyptiennes sp\u00e9cialis\u00e9es dans la fabrication de mouchoirs en papier et de lingettes humides de toutes tailles et emballages. Nous produisons et concevons des emballages adapt\u00e9s \u00e0 tous les march\u00e9s internationaux<\/span><\/div><div style=\"line-height: 1.3; text-align: justify;\"><strong>Veuillez nous contacter pour plus de d\u00e9tails et les listes de prix.<\/strong><\/div><\/div><\/div><\/div>\r\n\t\t<\/div>\r\n\t\t\r\n\t\t\t\t<\/div>\n\t\t\t\t<\/div>\n\t\t\t\t\t<\/div>\n\t\t<\/div>\n\t\t\t\t<div class=\"elementor-column elementor-col-50 elementor-top-column elementor-element elementor-element-c32c9e6\" data-id=\"c32c9e6\" data-element_type=\"column\">\n\t\t\t<div class=\"elementor-widget-wrap elementor-element-populated\">\n\t\t\t\t\t\t\t\t<div class=\"elementor-element elementor-element-c0a9d4c elementor-widget elementor-widget-image\" data-id=\"c0a9d4c\" data-element_type=\"widget\" data-widget_type=\"image.default\">\n\t\t\t\t<div class=\"elementor-widget-container\">\n\t\t\t<style>\/*! elementor - v3.11.2 - 22-02-2023 *\/\n.elementor-widget-image{text-align:center}.elementor-widget-image a{display:inline-block}.elementor-widget-image a img[src$=\".svg\"]{width:48px}.elementor-widget-image img{vertical-align:middle;display:inline-block}<\/style>\t\t\t\t\t\t\t\t\t\t\t\t<img decoding=\"async\" width=\"216\" height=\"300\" src=\"data:image\/svg+xml,%3Csvg%20xmlns%3D&#39;http%3A%2F%2Fwww.w3.org%2F2000%2Fsvg&#39;%20width=&#39;216&#39;%20height=&#39;300&#39;%20viewBox%3D&#39;0%200%20216%20300&#39;%2F%3E\" data-czlz data-src=\"https:\/\/mhsgroup-eg.com\/fr\/wp-content\/uploads\/2023\/11\/WhatsApp-Image-2023-11-18-at-10.37.41-PM-1-216x300.jpeg\" class=\"attachment-medium size-medium wp-image-1902\" alt=\"\" data-srcset=\"https:\/\/mhsgroup-eg.com\/fr\/wp-content\/uploads\/2023\/11\/WhatsApp-Image-2023-11-18-at-10.37.41-PM-1-216x300.jpeg 216w, https:\/\/mhsgroup-eg.com\/fr\/wp-content\/uploads\/2023\/11\/WhatsApp-Image-2023-11-18-at-10.37.41-PM-1-600x833.jpeg 600w, https:\/\/mhsgroup-eg.com\/fr\/wp-content\/uploads\/2023\/11\/WhatsApp-Image-2023-11-18-at-10.37.41-PM-1.jpeg 720w\" data-sizes=\"(max-width: 216px) 100vw, 216px\" \/>\t\t\t\t\t\t\t\t\t\t\t\t\t\t\t<\/div>\n\t\t\t\t<\/div>\n\t\t\t\t<div class=\"elementor-element elementor-element-3b5efc7 elementor-widget elementor-widget-image\" data-id=\"3b5efc7\" data-element_type=\"widget\" data-widget_type=\"image.default\">\n\t\t\t\t<div class=\"elementor-widget-container\">\n\t\t\t\t\t\t\t\t\t\t\t\t\t\t\t<img decoding=\"async\" width=\"800\" height=\"600\" src=\"data:image\/svg+xml,%3Csvg%20xmlns%3D&#39;http%3A%2F%2Fwww.w3.org%2F2000%2Fsvg&#39;%20width=&#39;800&#39;%20height=&#39;600&#39;%20viewBox%3D&#39;0%200%20800%20600&#39;%2F%3E\" data-czlz data-src=\"https:\/\/mhsgroup-eg.com\/fr\/wp-content\/uploads\/2023\/11\/WhatsApp-Image-2023-11-22-at-12.37.52-PM.jpeg\" class=\"attachment-large size-large wp-image-2022\" alt=\"\" data-srcset=\"https:\/\/mhsgroup-eg.com\/fr\/wp-content\/uploads\/2023\/11\/WhatsApp-Image-2023-11-22-at-12.37.52-PM.jpeg 800w, https:\/\/mhsgroup-eg.com\/fr\/wp-content\/uploads\/2023\/11\/WhatsApp-Image-2023-11-22-at-12.37.52-PM-300x225.jpeg 300w, https:\/\/mhsgroup-eg.com\/fr\/wp-content\/uploads\/2023\/11\/WhatsApp-Image-2023-11-22-at-12.37.52-PM-768x576.jpeg 768w, https:\/\/mhsgroup-eg.com\/fr\/wp-content\/uploads\/2023\/11\/WhatsApp-Image-2023-11-22-at-12.37.52-PM-600x450.jpeg 600w\" data-sizes=\"(max-width: 800px) 100vw, 800px\" \/>\t\t\t\t\t\t\t\t\t\t\t\t\t\t\t<\/div>\n\t\t\t\t<\/div>\n\t\t\t\t<div class=\"elementor-element elementor-element-fcdb0af elementor-widget elementor-widget-image\" data-id=\"fcdb0af\" data-element_type=\"widget\" data-widget_type=\"image.default\">\n\t\t\t\t<div class=\"elementor-widget-container\">\n\t\t\t\t\t\t\t\t\t\t\t\t\t\t\t<img decoding=\"async\" width=\"300\" height=\"267\" src=\"data:image\/svg+xml,%3Csvg%20xmlns%3D&#39;http%3A%2F%2Fwww.w3.org%2F2000%2Fsvg&#39;%20width=&#39;300&#39;%20height=&#39;267&#39;%20viewBox%3D&#39;0%200%20300%20267&#39;%2F%3E\" data-czlz data-src=\"https:\/\/mhsgroup-eg.com\/fr\/wp-content\/uploads\/2023\/11\/WhatsApp-Image-2023-11-22-at-12.37.56-PM-300x267.jpeg\" class=\"attachment-medium size-medium wp-image-2023\" alt=\"\" data-srcset=\"https:\/\/mhsgroup-eg.com\/fr\/wp-content\/uploads\/2023\/11\/WhatsApp-Image-2023-11-22-at-12.37.56-PM-300x267.jpeg 300w, https:\/\/mhsgroup-eg.com\/fr\/wp-content\/uploads\/2023\/11\/WhatsApp-Image-2023-11-22-at-12.37.56-PM-360x320.jpeg 360w, https:\/\/mhsgroup-eg.com\/fr\/wp-content\/uploads\/2023\/11\/WhatsApp-Image-2023-11-22-at-12.37.56-PM.jpeg 485w\" data-sizes=\"(max-width: 300px) 100vw, 300px\" \/>\t\t\t\t\t\t\t\t\t\t\t\t\t\t\t<\/div>\n\t\t\t\t<\/div>\n\t\t\t\t<div class=\"elementor-element elementor-element-6a74ef4 elementor-widget elementor-widget-image\" data-id=\"6a74ef4\" data-element_type=\"widget\" data-widget_type=\"image.default\">\n\t\t\t\t<div class=\"elementor-widget-container\">\n\t\t\t\t\t\t\t\t\t\t\t\t\t\t\t<img decoding=\"async\" width=\"432\" height=\"263\" src=\"data:image\/svg+xml,%3Csvg%20xmlns%3D&#39;http%3A%2F%2Fwww.w3.org%2F2000%2Fsvg&#39;%20width=&#39;432&#39;%20height=&#39;263&#39;%20viewBox%3D&#39;0%200%20432%20263&#39;%2F%3E\" data-czlz data-src=\"https:\/\/mhsgroup-eg.com\/fr\/wp-content\/uploads\/2023\/11\/WhatsApp-Image-2023-11-22-at-12.38.14-PM.jpeg\" class=\"attachment-large size-large wp-image-2024\" alt=\"\" data-srcset=\"https:\/\/mhsgroup-eg.com\/fr\/wp-content\/uploads\/2023\/11\/WhatsApp-Image-2023-11-22-at-12.38.14-PM.jpeg 432w, https:\/\/mhsgroup-eg.com\/fr\/wp-content\/uploads\/2023\/11\/WhatsApp-Image-2023-11-22-at-12.38.14-PM-300x183.jpeg 300w\" data-sizes=\"(max-width: 432px) 100vw, 432px\" \/>\t\t\t\t\t\t\t\t\t\t\t\t\t\t\t<\/div>\n\t\t\t\t<\/div>\n\t\t\t\t<div class=\"elementor-element elementor-element-0e688f2 elementor-widget elementor-widget-image\" data-id=\"0e688f2\" data-element_type=\"widget\" data-widget_type=\"image.default\">\n\t\t\t\t<div class=\"elementor-widget-container\">\n\t\t\t\t\t\t\t\t\t\t\t\t\t\t\t<img decoding=\"async\" width=\"300\" height=\"235\" src=\"data:image\/svg+xml,%3Csvg%20xmlns%3D&#39;http%3A%2F%2Fwww.w3.org%2F2000%2Fsvg&#39;%20width=&#39;300&#39;%20height=&#39;235&#39;%20viewBox%3D&#39;0%200%20300%20235&#39;%2F%3E\" data-czlz data-src=\"https:\/\/mhsgroup-eg.com\/fr\/wp-content\/uploads\/2023\/11\/WhatsApp-Image-2023-11-22-at-12.38.19-PM-300x235.jpeg\" class=\"attachment-medium size-medium wp-image-2025\" alt=\"\" data-srcset=\"https:\/\/mhsgroup-eg.com\/fr\/wp-content\/uploads\/2023\/11\/WhatsApp-Image-2023-11-22-at-12.38.19-PM-300x235.jpeg 300w, https:\/\/mhsgroup-eg.com\/fr\/wp-content\/uploads\/2023\/11\/WhatsApp-Image-2023-11-22-at-12.38.19-PM-600x471.jpeg 600w, https:\/\/mhsgroup-eg.com\/fr\/wp-content\/uploads\/2023\/11\/WhatsApp-Image-2023-11-22-at-12.38.19-PM.jpeg 612w\" data-sizes=\"(max-width: 300px) 100vw, 300px\" \/>\t\t\t\t\t\t\t\t\t\t\t\t\t\t\t<\/div>\n\t\t\t\t<\/div>\n\t\t\t\t\t<\/div>\n\t\t<\/div>\n\t\t\t\t\t\t\t<\/div>\n\t\t<\/section>\n\t\t\t\t<section class=\"elementor-section elementor-top-section elementor-element elementor-element-cb79546 elementor-section-full_width elementor-section-height-default elementor-section-height-default\" data-id=\"cb79546\" data-element_type=\"section\">\n\t\t\t\t\t\t<div class=\"elementor-container elementor-column-gap-default\">\n\t\t\t\t\t<div class=\"elementor-column elementor-col-66 elementor-top-column elementor-element elementor-element-6a81167\" data-id=\"6a81167\" data-element_type=\"column\" data-settings=\"{&quot;background_background&quot;:&quot;classic&quot;}\">\n\t\t\t<div class=\"elementor-widget-wrap elementor-element-populated\">\n\t\t\t\t\t\t\t\t<div class=\"elementor-element elementor-element-d6b094e elementor-widget elementor-widget-cz_title\" data-id=\"d6b094e\" data-element_type=\"widget\" data-widget_type=\"cz_title.default\">\n\t\t\t\t<div class=\"elementor-widget-container\">\n\t\t\t\t\r\n\t\t<div>\r\n\t\t\t<div class=\"cz_title clr cz_smart_fs cz_mobile_text_center cz_title_pos_inline\"><div class=\"cz_title_content\"><div class=\"cz_wpe_content\"><h2><span style=\"color: #ffffff;\">Vous avez une demande ou une requ\u00eate ?<\/span><\/h2><\/div><\/div><\/div>\r\n\t\t<\/div>\r\n\t\t\r\n\t\t\t\t<\/div>\n\t\t\t\t<\/div>\n\t\t\t\t\t<\/div>\n\t\t<\/div>\n\t\t\t\t<div class=\"elementor-column elementor-col-33 elementor-top-column elementor-element elementor-element-4c6533e\" data-id=\"4c6533e\" data-element_type=\"column\" data-settings=\"{&quot;background_background&quot;:&quot;classic&quot;}\">\n\t\t\t<div class=\"elementor-widget-wrap elementor-element-populated\">\n\t\t\t\t\t\t\t\t<div class=\"elementor-element elementor-element-c43cb8b elementor-widget elementor-widget-cz_button\" data-id=\"c43cb8b\" data-element_type=\"widget\" data-widget_type=\"cz_button.default\">\n\t\t\t\t<div class=\"elementor-widget-container\">\n\t\t\t\t\t<div class=\"cz_btn_center\">\r\n\t\t\t<div>\r\n\t\t\t\t<a href=\"https:\/\/mhsgroup-eg.com\/fr\/contact\/\" target=\"_blank\" rel=\"nofollow\" class=\"cz_btn cz_btn_txt_no_fx cz_btn_fill_up\">\r\n\r\n\t\t\t\t\t<span>\t\t\t\t\t\t<strong>Contactez-nous maintenant\t\t\t\t\t\t\t\t\t\t\t\t\t<\/strong>\r\n\t\t\t\t\t\t\t\t\t\t\t<\/span>\r\n\r\n\t\t\t\t\t<b class=\"cz_btn_onhover\">\r\n\t\t\t\t\t\t\t\t\t\t\t\t<strong>\r\n\t\t\t\t\t\t\tContactez-nous maintenant\t\t\t\t\t\t\t\t\t\t\t\t\t<\/strong>\r\n\t\t\t\t\t\t\t\t\t\t\t<\/b>\r\n\r\n\t\t\t\t<\/a>\r\n\t\t\t<\/div>\r\n\t\t<\/div> \t\t\t\t<\/div>\n\t\t\t\t<\/div>\n\t\t\t\t\t<\/div>\n\t\t<\/div>\n\t\t\t\t\t\t\t<\/div>\n\t\t<\/section>\n\t\t\t\t\t\t\t<\/div>\n\t\t","protected":false},"excerpt":{"rendered":"<p>_ Tissus et lingettes humides Nous sommes les repr\u00e9sentants de grandes &#8230; <\/p>\n","protected":false},"author":1,"featured_media":0,"parent":0,"menu_order":0,"comment_status":"closed","ping_status":"closed","template":"","meta":{"footnotes":""},"class_list":["post-1901","page","type-page","status-publish","hentry"],"_links":{"self":[{"href":"https:\/\/mhsgroup-eg.com\/fr\/wp-json\/wp\/v2\/pages\/1901","targetHints":{"allow":["GET"]}}],"collection":[{"href":"https:\/\/mhsgroup-eg.com\/fr\/wp-json\/wp\/v2\/pages"}],"about":[{"href":"https:\/\/mhsgroup-eg.com\/fr\/wp-json\/wp\/v2\/types\/page"}],"author":[{"embeddable":true,"href":"https:\/\/mhsgroup-eg.com\/fr\/wp-json\/wp\/v2\/users\/1"}],"replies":[{"embeddable":true,"href":"https:\/\/mhsgroup-eg.com\/fr\/wp-json\/wp\/v2\/comments?post=1901"}],"version-history":[{"count":19,"href":"https:\/\/mhsgroup-eg.com\/fr\/wp-json\/wp\/v2\/pages\/1901\/revisions"}],"predecessor-version":[{"id":2406,"href":"https:\/\/mhsgroup-eg.com\/fr\/wp-json\/wp\/v2\/pages\/1901\/revisions\/2406"}],"wp:attachment":[{"href":"https:\/\/mhsgroup-eg.com\/fr\/wp-json\/wp\/v2\/media?parent=1901"}],"curies":[{"name":"wp","href":"https:\/\/api.w.org\/{rel}","templated":true}]}}