{"id":1895,"date":"2023-11-19T12:22:51","date_gmt":"2023-11-19T12:22:51","guid":{"rendered":"https:\/\/mhsgroup-eg.com\/fr\/?page_id=1895"},"modified":"2024-09-16T13:55:36","modified_gmt":"2024-09-16T13:55:36","slug":"savon","status":"publish","type":"page","link":"https:\/\/mhsgroup-eg.com\/fr\/savon\/","title":{"rendered":"Savon"},"content":{"rendered":"\t\t<div data-elementor-type=\"wp-page\" data-elementor-id=\"1895\" class=\"elementor elementor-1895\">\n\t\t\t\t\t\t\t\t\t<section class=\"elementor-section elementor-top-section elementor-element elementor-element-1d2d093 elementor-section-boxed elementor-section-height-default elementor-section-height-default\" data-id=\"1d2d093\" data-element_type=\"section\">\n\t\t\t\t\t\t<div class=\"elementor-container elementor-column-gap-default\">\n\t\t\t\t\t<div class=\"elementor-column elementor-col-50 elementor-top-column elementor-element elementor-element-af53dba\" data-id=\"af53dba\" data-element_type=\"column\">\n\t\t\t<div class=\"elementor-widget-wrap elementor-element-populated\">\n\t\t\t\t\t\t\t\t<div class=\"elementor-element elementor-element-083acb7 elementor-widget elementor-widget-cz_title\" data-id=\"083acb7\" data-element_type=\"widget\" data-widget_type=\"cz_title.default\">\n\t\t\t\t<div class=\"elementor-widget-container\">\n\t\t\t\t\r\n\t\t<div>\r\n\t\t\t<div class=\"cz_title clr cz_title_pos_inline tar\"><div class=\"cz_title_content\"><span class=\"cz_line_side_solo\">_<\/span><div class=\"cz_wpe_content\"><h3 style=\"text-align: right;\"><span style=\"font-size: 28px;\">Le savon<\/span><\/h3><\/div><\/div><\/div>\r\n\t\t<\/div>\r\n\t\t\r\n\t\t\t\t<\/div>\n\t\t\t\t<\/div>\n\t\t\t\t<div class=\"elementor-element elementor-element-f6411ea elementor-widget elementor-widget-cz_title\" data-id=\"f6411ea\" data-element_type=\"widget\" data-widget_type=\"cz_title.default\">\n\t\t\t\t<div class=\"elementor-widget-container\">\n\t\t\t\t\r\n\t\t<div>\r\n\t\t\t<div class=\"cz_title clr cz_title_pos_inline\"><div class=\"cz_title_content\"><div class=\"cz_wpe_content\"><div style=\"line-height: 1.3; text-align: justify;\"><p><span style=\"font-size: 18px;\">Nous sommes les repr\u00e9sentants de grandes entreprises \u00e9gyptiennes sp\u00e9cialis\u00e9es dans la fabrication de savon de toilette de toutes tailles, dimensions et emballages. Nous cr\u00e9ons des emballages adapt\u00e9s \u00e0 tous les march\u00e9s internationaux.<\/span><\/p><p><strong>Veuillez nous contacter pour plus de d\u00e9tails et les listes de prix.<\/strong><\/p><\/div><\/div><\/div><\/div>\r\n\t\t<\/div>\r\n\t\t\r\n\t\t\t\t<\/div>\n\t\t\t\t<\/div>\n\t\t\t\t\t<\/div>\n\t\t<\/div>\n\t\t\t\t<div class=\"elementor-column elementor-col-50 elementor-top-column elementor-element elementor-element-30fca19\" data-id=\"30fca19\" data-element_type=\"column\">\n\t\t\t<div class=\"elementor-widget-wrap elementor-element-populated\">\n\t\t\t\t\t\t\t\t<div class=\"elementor-element elementor-element-1fb385b elementor-widget elementor-widget-image\" data-id=\"1fb385b\" data-element_type=\"widget\" data-widget_type=\"image.default\">\n\t\t\t\t<div class=\"elementor-widget-container\">\n\t\t\t<style>\/*! elementor - v3.11.2 - 22-02-2023 *\/\n.elementor-widget-image{text-align:center}.elementor-widget-image a{display:inline-block}.elementor-widget-image a img[src$=\".svg\"]{width:48px}.elementor-widget-image img{vertical-align:middle;display:inline-block}<\/style>\t\t\t\t\t\t\t\t\t\t\t\t<img decoding=\"async\" width=\"720\" height=\"521\" src=\"data:image\/svg+xml,%3Csvg%20xmlns%3D&#39;http%3A%2F%2Fwww.w3.org%2F2000%2Fsvg&#39;%20width=&#39;720&#39;%20height=&#39;521&#39;%20viewBox%3D&#39;0%200%20720%20521&#39;%2F%3E\" data-czlz data-src=\"https:\/\/mhsgroup-eg.com\/fr\/wp-content\/uploads\/2023\/11\/WhatsApp-Image-2023-11-19-at-2.34.20-PM.jpeg\" class=\"attachment-large size-large wp-image-1987\" alt=\"\" data-srcset=\"https:\/\/mhsgroup-eg.com\/fr\/wp-content\/uploads\/2023\/11\/WhatsApp-Image-2023-11-19-at-2.34.20-PM.jpeg 720w, https:\/\/mhsgroup-eg.com\/fr\/wp-content\/uploads\/2023\/11\/WhatsApp-Image-2023-11-19-at-2.34.20-PM-300x217.jpeg 300w, https:\/\/mhsgroup-eg.com\/fr\/wp-content\/uploads\/2023\/11\/WhatsApp-Image-2023-11-19-at-2.34.20-PM-600x434.jpeg 600w\" data-sizes=\"(max-width: 720px) 100vw, 720px\" \/>\t\t\t\t\t\t\t\t\t\t\t\t\t\t\t<\/div>\n\t\t\t\t<\/div>\n\t\t\t\t<div class=\"elementor-element elementor-element-152d727 elementor-widget elementor-widget-image\" data-id=\"152d727\" data-element_type=\"widget\" data-widget_type=\"image.default\">\n\t\t\t\t<div class=\"elementor-widget-container\">\n\t\t\t\t\t\t\t\t\t\t\t\t\t\t\t<img decoding=\"async\" width=\"1024\" height=\"678\" src=\"data:image\/svg+xml,%3Csvg%20xmlns%3D&#39;http%3A%2F%2Fwww.w3.org%2F2000%2Fsvg&#39;%20width=&#39;1024&#39;%20height=&#39;678&#39;%20viewBox%3D&#39;0%200%201024%20678&#39;%2F%3E\" data-czlz data-src=\"https:\/\/mhsgroup-eg.com\/fr\/wp-content\/uploads\/2023\/11\/WhatsApp-Image-2023-11-19-at-2.34.21-PM-1024x678.jpeg\" class=\"attachment-large size-large wp-image-1988\" alt=\"\" data-srcset=\"https:\/\/mhsgroup-eg.com\/fr\/wp-content\/uploads\/2023\/11\/WhatsApp-Image-2023-11-19-at-2.34.21-PM-1024x678.jpeg 1024w, https:\/\/mhsgroup-eg.com\/fr\/wp-content\/uploads\/2023\/11\/WhatsApp-Image-2023-11-19-at-2.34.21-PM-300x199.jpeg 300w, https:\/\/mhsgroup-eg.com\/fr\/wp-content\/uploads\/2023\/11\/WhatsApp-Image-2023-11-19-at-2.34.21-PM-768x508.jpeg 768w, https:\/\/mhsgroup-eg.com\/fr\/wp-content\/uploads\/2023\/11\/WhatsApp-Image-2023-11-19-at-2.34.21-PM-600x397.jpeg 600w, https:\/\/mhsgroup-eg.com\/fr\/wp-content\/uploads\/2023\/11\/WhatsApp-Image-2023-11-19-at-2.34.21-PM.jpeg 1080w\" data-sizes=\"(max-width: 1024px) 100vw, 1024px\" \/>\t\t\t\t\t\t\t\t\t\t\t\t\t\t\t<\/div>\n\t\t\t\t<\/div>\n\t\t\t\t<div class=\"elementor-element elementor-element-813e650 elementor-widget elementor-widget-image\" data-id=\"813e650\" data-element_type=\"widget\" data-widget_type=\"image.default\">\n\t\t\t\t<div class=\"elementor-widget-container\">\n\t\t\t\t\t\t\t\t\t\t\t\t\t\t\t<img decoding=\"async\" width=\"500\" height=\"500\" src=\"data:image\/svg+xml,%3Csvg%20xmlns%3D&#39;http%3A%2F%2Fwww.w3.org%2F2000%2Fsvg&#39;%20width=&#39;500&#39;%20height=&#39;500&#39;%20viewBox%3D&#39;0%200%20500%20500&#39;%2F%3E\" data-czlz data-src=\"https:\/\/mhsgroup-eg.com\/fr\/wp-content\/uploads\/2023\/11\/WhatsApp-Image-2023-11-22-at-12.41.25-PM.jpeg\" class=\"attachment-large size-large wp-image-2029\" alt=\"\" data-srcset=\"https:\/\/mhsgroup-eg.com\/fr\/wp-content\/uploads\/2023\/11\/WhatsApp-Image-2023-11-22-at-12.41.25-PM.jpeg 500w, https:\/\/mhsgroup-eg.com\/fr\/wp-content\/uploads\/2023\/11\/WhatsApp-Image-2023-11-22-at-12.41.25-PM-300x300.jpeg 300w, https:\/\/mhsgroup-eg.com\/fr\/wp-content\/uploads\/2023\/11\/WhatsApp-Image-2023-11-22-at-12.41.25-PM-150x150.jpeg 150w\" data-sizes=\"(max-width: 500px) 100vw, 500px\" \/>\t\t\t\t\t\t\t\t\t\t\t\t\t\t\t<\/div>\n\t\t\t\t<\/div>\n\t\t\t\t\t<\/div>\n\t\t<\/div>\n\t\t\t\t\t\t\t<\/div>\n\t\t<\/section>\n\t\t\t\t<section class=\"elementor-section elementor-top-section elementor-element elementor-element-c33e233 elementor-section-full_width elementor-section-height-default elementor-section-height-default\" data-id=\"c33e233\" data-element_type=\"section\">\n\t\t\t\t\t\t<div class=\"elementor-container elementor-column-gap-default\">\n\t\t\t\t\t<div class=\"elementor-column elementor-col-66 elementor-top-column elementor-element elementor-element-7144e32\" data-id=\"7144e32\" data-element_type=\"column\" data-settings=\"{&quot;background_background&quot;:&quot;classic&quot;}\">\n\t\t\t<div class=\"elementor-widget-wrap elementor-element-populated\">\n\t\t\t\t\t\t\t\t<div class=\"elementor-element elementor-element-53bcafc elementor-widget elementor-widget-cz_title\" data-id=\"53bcafc\" data-element_type=\"widget\" data-widget_type=\"cz_title.default\">\n\t\t\t\t<div class=\"elementor-widget-container\">\n\t\t\t\t\r\n\t\t<div>\r\n\t\t\t<div class=\"cz_title clr cz_smart_fs cz_mobile_text_center cz_title_pos_inline\"><div class=\"cz_title_content\"><div class=\"cz_wpe_content\"><h2><span style=\"color: #ffffff;\">Vous avez une demande ou une requ\u00eate ?<\/span><\/h2><\/div><\/div><\/div>\r\n\t\t<\/div>\r\n\t\t\r\n\t\t\t\t<\/div>\n\t\t\t\t<\/div>\n\t\t\t\t\t<\/div>\n\t\t<\/div>\n\t\t\t\t<div class=\"elementor-column elementor-col-33 elementor-top-column elementor-element elementor-element-2778380\" data-id=\"2778380\" data-element_type=\"column\" data-settings=\"{&quot;background_background&quot;:&quot;classic&quot;}\">\n\t\t\t<div class=\"elementor-widget-wrap elementor-element-populated\">\n\t\t\t\t\t\t\t\t<div class=\"elementor-element elementor-element-f9f5111 elementor-widget elementor-widget-cz_button\" data-id=\"f9f5111\" data-element_type=\"widget\" data-widget_type=\"cz_button.default\">\n\t\t\t\t<div class=\"elementor-widget-container\">\n\t\t\t\t\t<div class=\"cz_btn_center\">\r\n\t\t\t<div>\r\n\t\t\t\t<a href=\"https:\/\/mhsgroup-eg.com\/fr\/contact\/\" target=\"_blank\" rel=\"nofollow\" class=\"cz_btn cz_btn_txt_no_fx cz_btn_fill_up\">\r\n\r\n\t\t\t\t\t<span>\t\t\t\t\t\t<strong>Contactez-nous maintenant\t\t\t\t\t\t\t\t\t\t\t\t\t<\/strong>\r\n\t\t\t\t\t\t\t\t\t\t\t<\/span>\r\n\r\n\t\t\t\t\t<b class=\"cz_btn_onhover\">\r\n\t\t\t\t\t\t\t\t\t\t\t\t<strong>\r\n\t\t\t\t\t\t\tContactez-nous maintenant\t\t\t\t\t\t\t\t\t\t\t\t\t<\/strong>\r\n\t\t\t\t\t\t\t\t\t\t\t<\/b>\r\n\r\n\t\t\t\t<\/a>\r\n\t\t\t<\/div>\r\n\t\t<\/div> \t\t\t\t<\/div>\n\t\t\t\t<\/div>\n\t\t\t\t\t<\/div>\n\t\t<\/div>\n\t\t\t\t\t\t\t<\/div>\n\t\t<\/section>\n\t\t\t\t\t\t\t<\/div>\n\t\t","protected":false},"excerpt":{"rendered":"<p>_ Le savon Nous sommes les repr\u00e9sentants de grandes entreprises \u00e9gyptiennes &#8230; <\/p>\n","protected":false},"author":1,"featured_media":0,"parent":0,"menu_order":0,"comment_status":"closed","ping_status":"closed","template":"","meta":{"footnotes":""},"class_list":["post-1895","page","type-page","status-publish","hentry"],"_links":{"self":[{"href":"https:\/\/mhsgroup-eg.com\/fr\/wp-json\/wp\/v2\/pages\/1895","targetHints":{"allow":["GET"]}}],"collection":[{"href":"https:\/\/mhsgroup-eg.com\/fr\/wp-json\/wp\/v2\/pages"}],"about":[{"href":"https:\/\/mhsgroup-eg.com\/fr\/wp-json\/wp\/v2\/types\/page"}],"author":[{"embeddable":true,"href":"https:\/\/mhsgroup-eg.com\/fr\/wp-json\/wp\/v2\/users\/1"}],"replies":[{"embeddable":true,"href":"https:\/\/mhsgroup-eg.com\/fr\/wp-json\/wp\/v2\/comments?post=1895"}],"version-history":[{"count":28,"href":"https:\/\/mhsgroup-eg.com\/fr\/wp-json\/wp\/v2\/pages\/1895\/revisions"}],"predecessor-version":[{"id":2400,"href":"https:\/\/mhsgroup-eg.com\/fr\/wp-json\/wp\/v2\/pages\/1895\/revisions\/2400"}],"wp:attachment":[{"href":"https:\/\/mhsgroup-eg.com\/fr\/wp-json\/wp\/v2\/media?parent=1895"}],"curies":[{"name":"wp","href":"https:\/\/api.w.org\/{rel}","templated":true}]}}