{"id":1876,"date":"2023-11-19T12:17:55","date_gmt":"2023-11-19T12:17:55","guid":{"rendered":"https:\/\/mhsgroup-eg.com\/fr\/?page_id=1876"},"modified":"2024-09-16T13:55:41","modified_gmt":"2024-09-16T13:55:41","slug":"couches-pour-bebes-et-adultes-et-serviettes-hygieniques","status":"publish","type":"page","link":"https:\/\/mhsgroup-eg.com\/fr\/couches-pour-bebes-et-adultes-et-serviettes-hygieniques\/","title":{"rendered":"Couches pour b\u00e9b\u00e9s et adultes, et serviettes hygi\u00e9niques"},"content":{"rendered":"\t\t<div data-elementor-type=\"wp-page\" data-elementor-id=\"1876\" class=\"elementor elementor-1876\">\n\t\t\t\t\t\t\t\t\t<section class=\"elementor-section elementor-top-section elementor-element elementor-element-a5908a1 elementor-section-boxed elementor-section-height-default elementor-section-height-default\" data-id=\"a5908a1\" data-element_type=\"section\">\n\t\t\t\t\t\t<div class=\"elementor-container elementor-column-gap-default\">\n\t\t\t\t\t<div class=\"elementor-column elementor-col-50 elementor-top-column elementor-element elementor-element-6f587e3\" data-id=\"6f587e3\" data-element_type=\"column\">\n\t\t\t<div class=\"elementor-widget-wrap elementor-element-populated\">\n\t\t\t\t\t\t\t\t<div class=\"elementor-element elementor-element-a14e62d elementor-widget elementor-widget-cz_title\" data-id=\"a14e62d\" data-element_type=\"widget\" data-widget_type=\"cz_title.default\">\n\t\t\t\t<div class=\"elementor-widget-container\">\n\t\t\t\t\r\n\t\t<div>\r\n\t\t\t<div class=\"cz_title clr cz_title_pos_inline\"><div class=\"cz_title_content\"><span class=\"cz_line_side_solo\">_<\/span><div class=\"cz_wpe_content\"><h3>Changes pour b\u00e9b\u00e9s et adultes et serviettes hygi\u00e9niques.<\/h3><\/div><\/div><\/div>\r\n\t\t<\/div>\r\n\t\t\r\n\t\t\t\t<\/div>\n\t\t\t\t<\/div>\n\t\t\t\t<div class=\"elementor-element elementor-element-e84c0e4 elementor-widget elementor-widget-cz_title\" data-id=\"e84c0e4\" data-element_type=\"widget\" data-widget_type=\"cz_title.default\">\n\t\t\t\t<div class=\"elementor-widget-container\">\n\t\t\t\t\r\n\t\t<div>\r\n\t\t\t<div class=\"cz_title clr cz_title_pos_inline\"><div class=\"cz_title_content\"><div class=\"cz_wpe_content\"><p><span style=\"font-size: 18px;\">Nous sommes les agents de grandes entreprises \u00e9gyptiennes sp\u00e9cialis\u00e9es dans la fabrication de couches pour b\u00e9b\u00e9s, de couches pour adultes et de serviettes hygi\u00e9niques f\u00e9minines de toutes tailles et emballages. Nous cr\u00e9ons des emballages adapt\u00e9s \u00e0 tous les march\u00e9s internationaux. Contactez-nous pour plus d'informations.<\/span><\/p><p><strong>Veuillez nous contacter pour plus de d\u00e9tails et les listes de prix.<\/strong><\/p><\/div><\/div><\/div>\r\n\t\t<\/div>\r\n\t\t\r\n\t\t\t\t<\/div>\n\t\t\t\t<\/div>\n\t\t\t\t\t<\/div>\n\t\t<\/div>\n\t\t\t\t<div class=\"elementor-column elementor-col-50 elementor-top-column elementor-element elementor-element-aeb547c\" data-id=\"aeb547c\" data-element_type=\"column\">\n\t\t\t<div class=\"elementor-widget-wrap elementor-element-populated\">\n\t\t\t\t\t\t\t\t<div class=\"elementor-element elementor-element-fd900d7 elementor-widget elementor-widget-image\" data-id=\"fd900d7\" data-element_type=\"widget\" data-widget_type=\"image.default\">\n\t\t\t\t<div class=\"elementor-widget-container\">\n\t\t\t<style>\/*! elementor - v3.11.2 - 22-02-2023 *\/\n.elementor-widget-image{text-align:center}.elementor-widget-image a{display:inline-block}.elementor-widget-image a img[src$=\".svg\"]{width:48px}.elementor-widget-image img{vertical-align:middle;display:inline-block}<\/style>\t\t\t\t\t\t\t\t\t\t\t\t<img decoding=\"async\" width=\"600\" height=\"250\" src=\"data:image\/svg+xml,%3Csvg%20xmlns%3D&#39;http%3A%2F%2Fwww.w3.org%2F2000%2Fsvg&#39;%20width=&#39;600&#39;%20height=&#39;250&#39;%20viewBox%3D&#39;0%200%20600%20250&#39;%2F%3E\" data-czlz data-src=\"https:\/\/mhsgroup-eg.com\/fr\/wp-content\/uploads\/2023\/11\/WhatsApp-Image-2023-11-19-at-2.34.07-PM.jpeg\" class=\"attachment-large size-large wp-image-2009\" alt=\"\" data-srcset=\"https:\/\/mhsgroup-eg.com\/fr\/wp-content\/uploads\/2023\/11\/WhatsApp-Image-2023-11-19-at-2.34.07-PM.jpeg 600w, https:\/\/mhsgroup-eg.com\/fr\/wp-content\/uploads\/2023\/11\/WhatsApp-Image-2023-11-19-at-2.34.07-PM-300x125.jpeg 300w\" data-sizes=\"(max-width: 600px) 100vw, 600px\" \/>\t\t\t\t\t\t\t\t\t\t\t\t\t\t\t<\/div>\n\t\t\t\t<\/div>\n\t\t\t\t\t<\/div>\n\t\t<\/div>\n\t\t\t\t\t\t\t<\/div>\n\t\t<\/section>\n\t\t\t\t<section class=\"elementor-section elementor-top-section elementor-element elementor-element-8649aeb elementor-section-full_width elementor-section-height-default elementor-section-height-default\" data-id=\"8649aeb\" data-element_type=\"section\">\n\t\t\t\t\t\t<div class=\"elementor-container elementor-column-gap-default\">\n\t\t\t\t\t<div class=\"elementor-column elementor-col-66 elementor-top-column elementor-element elementor-element-86936b4\" data-id=\"86936b4\" data-element_type=\"column\" data-settings=\"{&quot;background_background&quot;:&quot;classic&quot;}\">\n\t\t\t<div class=\"elementor-widget-wrap elementor-element-populated\">\n\t\t\t\t\t\t\t\t<div class=\"elementor-element elementor-element-26d9064 elementor-widget elementor-widget-cz_title\" data-id=\"26d9064\" data-element_type=\"widget\" data-widget_type=\"cz_title.default\">\n\t\t\t\t<div class=\"elementor-widget-container\">\n\t\t\t\t\r\n\t\t<div>\r\n\t\t\t<div class=\"cz_title clr cz_smart_fs cz_mobile_text_center cz_title_pos_inline\"><div class=\"cz_title_content\"><div class=\"cz_wpe_content\"><h2><span style=\"color: #ffffff;\">Vous avez une demande ou une requ\u00eate ?<\/span><\/h2><\/div><\/div><\/div>\r\n\t\t<\/div>\r\n\t\t\r\n\t\t\t\t<\/div>\n\t\t\t\t<\/div>\n\t\t\t\t\t<\/div>\n\t\t<\/div>\n\t\t\t\t<div class=\"elementor-column elementor-col-33 elementor-top-column elementor-element elementor-element-0a534d5\" data-id=\"0a534d5\" data-element_type=\"column\" data-settings=\"{&quot;background_background&quot;:&quot;classic&quot;}\">\n\t\t\t<div class=\"elementor-widget-wrap elementor-element-populated\">\n\t\t\t\t\t\t\t\t<div class=\"elementor-element elementor-element-6378d09 elementor-widget elementor-widget-cz_button\" data-id=\"6378d09\" data-element_type=\"widget\" data-widget_type=\"cz_button.default\">\n\t\t\t\t<div class=\"elementor-widget-container\">\n\t\t\t\t\t<div class=\"cz_btn_center\">\r\n\t\t\t<div>\r\n\t\t\t\t<a href=\"https:\/\/mhsgroup-eg.com\/fr\/contact\/\" target=\"_blank\" rel=\"nofollow\" class=\"cz_btn cz_btn_txt_no_fx cz_btn_fill_up\">\r\n\r\n\t\t\t\t\t<span>\t\t\t\t\t\t<strong>Contactez-nous maintenant\t\t\t\t\t\t\t\t\t\t\t\t\t<\/strong>\r\n\t\t\t\t\t\t\t\t\t\t\t<\/span>\r\n\r\n\t\t\t\t\t<b class=\"cz_btn_onhover\">\r\n\t\t\t\t\t\t\t\t\t\t\t\t<strong>\r\n\t\t\t\t\t\t\tContactez-nous maintenant\t\t\t\t\t\t\t\t\t\t\t\t\t<\/strong>\r\n\t\t\t\t\t\t\t\t\t\t\t<\/b>\r\n\r\n\t\t\t\t<\/a>\r\n\t\t\t<\/div>\r\n\t\t<\/div> \t\t\t\t<\/div>\n\t\t\t\t<\/div>\n\t\t\t\t\t<\/div>\n\t\t<\/div>\n\t\t\t\t\t\t\t<\/div>\n\t\t<\/section>\n\t\t\t\t\t\t\t<\/div>\n\t\t","protected":false},"excerpt":{"rendered":"<p>_ Changes pour b\u00e9b\u00e9s et adultes et serviettes hygi\u00e9niques. Nous sommes &#8230; <\/p>\n","protected":false},"author":1,"featured_media":0,"parent":0,"menu_order":0,"comment_status":"closed","ping_status":"closed","template":"","meta":{"footnotes":""},"class_list":["post-1876","page","type-page","status-publish","hentry"],"_links":{"self":[{"href":"https:\/\/mhsgroup-eg.com\/fr\/wp-json\/wp\/v2\/pages\/1876","targetHints":{"allow":["GET"]}}],"collection":[{"href":"https:\/\/mhsgroup-eg.com\/fr\/wp-json\/wp\/v2\/pages"}],"about":[{"href":"https:\/\/mhsgroup-eg.com\/fr\/wp-json\/wp\/v2\/types\/page"}],"author":[{"embeddable":true,"href":"https:\/\/mhsgroup-eg.com\/fr\/wp-json\/wp\/v2\/users\/1"}],"replies":[{"embeddable":true,"href":"https:\/\/mhsgroup-eg.com\/fr\/wp-json\/wp\/v2\/comments?post=1876"}],"version-history":[{"count":27,"href":"https:\/\/mhsgroup-eg.com\/fr\/wp-json\/wp\/v2\/pages\/1876\/revisions"}],"predecessor-version":[{"id":2403,"href":"https:\/\/mhsgroup-eg.com\/fr\/wp-json\/wp\/v2\/pages\/1876\/revisions\/2403"}],"wp:attachment":[{"href":"https:\/\/mhsgroup-eg.com\/fr\/wp-json\/wp\/v2\/media?parent=1876"}],"curies":[{"name":"wp","href":"https:\/\/api.w.org\/{rel}","templated":true}]}}