{"id":1119,"date":"2023-03-05T22:40:27","date_gmt":"2023-03-05T22:40:27","guid":{"rendered":"https:\/\/mhsgroup-eg.com\/fr\/?page_id=1119"},"modified":"2024-09-16T13:52:58","modified_gmt":"2024-09-16T13:52:58","slug":"entreprise-chinoise-rifa","status":"publish","type":"page","link":"https:\/\/mhsgroup-eg.com\/fr\/entreprise-chinoise-rifa\/","title":{"rendered":"Entreprise chinoise RIFA"},"content":{"rendered":"\t\t<div data-elementor-type=\"wp-page\" data-elementor-id=\"1119\" class=\"elementor elementor-1119\">\n\t\t\t\t\t\t\t\t\t<section class=\"elementor-section elementor-top-section elementor-element elementor-element-74bdcdc elementor-section-boxed elementor-section-height-default elementor-section-height-default\" data-id=\"74bdcdc\" data-element_type=\"section\">\n\t\t\t\t\t\t<div class=\"elementor-container elementor-column-gap-default\">\n\t\t\t\t\t<div class=\"elementor-column elementor-col-50 elementor-top-column elementor-element elementor-element-b3be47c\" data-id=\"b3be47c\" data-element_type=\"column\">\n\t\t\t<div class=\"elementor-widget-wrap elementor-element-populated\">\n\t\t\t\t\t\t\t\t<section class=\"elementor-section elementor-inner-section elementor-element elementor-element-47b5431 elementor-section-boxed elementor-section-height-default elementor-section-height-default\" data-id=\"47b5431\" data-element_type=\"section\">\n\t\t\t\t\t\t<div class=\"elementor-container elementor-column-gap-default\">\n\t\t\t\t\t<div class=\"elementor-column elementor-col-100 elementor-inner-column elementor-element elementor-element-360e519\" data-id=\"360e519\" data-element_type=\"column\">\n\t\t\t<div class=\"elementor-widget-wrap elementor-element-populated\">\n\t\t\t\t\t\t\t\t<div class=\"elementor-element elementor-element-2f7da3d elementor-widget elementor-widget-cz_title\" data-id=\"2f7da3d\" data-element_type=\"widget\" data-widget_type=\"cz_title.default\">\n\t\t\t\t<div class=\"elementor-widget-container\">\n\t\t\t\t\r\n\t\t<div>\r\n\t\t\t<div class=\"cz_title clr cz_title_pos_inline tar\"><div class=\"cz_title_content\"><span class=\"cz_line_side_solo\">_<\/span><div class=\"cz_wpe_content\"><h3 style=\"text-align: right;\">Les agents de la soci\u00e9t\u00e9 chinoise RIFA.<\/h3><\/div><\/div><\/div>\r\n\t\t<\/div>\r\n\t\t\r\n\t\t\t\t<\/div>\n\t\t\t\t<\/div>\n\t\t\t\t<div class=\"elementor-element elementor-element-a905768 elementor-widget elementor-widget-image\" data-id=\"a905768\" data-element_type=\"widget\" data-widget_type=\"image.default\">\n\t\t\t\t<div class=\"elementor-widget-container\">\n\t\t\t<style>\/*! elementor - v3.11.2 - 22-02-2023 *\/\n.elementor-widget-image{text-align:center}.elementor-widget-image a{display:inline-block}.elementor-widget-image a img[src$=\".svg\"]{width:48px}.elementor-widget-image img{vertical-align:middle;display:inline-block}<\/style>\t\t\t\t\t\t\t\t\t\t\t\t<img decoding=\"async\" width=\"549\" height=\"178\" src=\"data:image\/svg+xml,%3Csvg%20xmlns%3D&#39;http%3A%2F%2Fwww.w3.org%2F2000%2Fsvg&#39;%20width=&#39;549&#39;%20height=&#39;178&#39;%20viewBox%3D&#39;0%200%20549%20178&#39;%2F%3E\" data-czlz data-src=\"https:\/\/mhsgroup-eg.com\/fr\/wp-content\/uploads\/2023\/03\/rifa.png\" class=\"attachment-large size-large wp-image-932\" alt=\"\" data-srcset=\"https:\/\/mhsgroup-eg.com\/fr\/wp-content\/uploads\/2023\/03\/rifa.png 549w, https:\/\/mhsgroup-eg.com\/fr\/wp-content\/uploads\/2023\/03\/rifa-300x97.png 300w\" data-sizes=\"(max-width: 549px) 100vw, 549px\" \/>\t\t\t\t\t\t\t\t\t\t\t\t\t\t\t<\/div>\n\t\t\t\t<\/div>\n\t\t\t\t<div class=\"elementor-element elementor-element-0f77952 elementor-widget elementor-widget-cz_title\" data-id=\"0f77952\" data-element_type=\"widget\" data-widget_type=\"cz_title.default\">\n\t\t\t\t<div class=\"elementor-widget-container\">\n\t\t\t\t\r\n\t\t<div>\r\n\t\t\t<div class=\"cz_title clr cz_title_pos_inline\"><div class=\"cz_title_content\"><div class=\"cz_wpe_content\"><div style=\"line-height: 1.3; text-align: justify;\"><p><span style=\"font-size: 22px;\">Nous, soci\u00e9t\u00e9 chinoise RIFA, sommes les repr\u00e9sentants en \u00c9gypte pour la fabrication de machines conventionnelles et CNC ainsi que de lignes de production.<\/span><\/p><p><span style=\"font-size: 22px;\">\u00a0<\/span><\/p><\/div><\/div><\/div><\/div>\r\n\t\t<\/div>\r\n\t\t\r\n\t\t\t\t<\/div>\n\t\t\t\t<\/div>\n\t\t\t\t\t<\/div>\n\t\t<\/div>\n\t\t\t\t\t\t\t<\/div>\n\t\t<\/section>\n\t\t\t\t\t<\/div>\n\t\t<\/div>\n\t\t\t\t<div class=\"elementor-column elementor-col-50 elementor-top-column elementor-element elementor-element-f4c1864\" data-id=\"f4c1864\" data-element_type=\"column\">\n\t\t\t<div class=\"elementor-widget-wrap elementor-element-populated\">\n\t\t\t\t\t\t\t\t<div class=\"elementor-element elementor-element-8a138ba elementor-widget elementor-widget-video\" data-id=\"8a138ba\" data-element_type=\"widget\" data-settings=\"{&quot;youtube_url&quot;:&quot;https:\\\/\\\/www.youtube.com\\\/watch?v=8vagi5JckwM&quot;,&quot;video_type&quot;:&quot;youtube&quot;,&quot;controls&quot;:&quot;yes&quot;}\" data-widget_type=\"video.default\">\n\t\t\t\t<div class=\"elementor-widget-container\">\n\t\t\t<style>\/*! elementor - v3.11.2 - 22-02-2023 *\/\n.elementor-widget-video .elementor-widget-container{overflow:hidden;transform:translateZ(0)}.elementor-widget-video .elementor-wrapper iframe,.elementor-widget-video .elementor-wrapper video{height:100%;width:100%;border:none;background-color:#000}.elementor-widget-video .elementor-open-inline .elementor-custom-embed-image-overlay{position:absolute;top:0;left:0;width:100%;height:100%;background-size:cover;background-position:50%}.elementor-widget-video .elementor-custom-embed-image-overlay{cursor:pointer;text-align:center}.elementor-widget-video .elementor-custom-embed-image-overlay:hover .elementor-custom-embed-play i{opacity:1}.elementor-widget-video .elementor-custom-embed-image-overlay img{display:block;width:100%}.elementor-widget-video .e-hosted-video .elementor-video{-o-object-fit:cover;object-fit:cover}.e-con-inner>.elementor-widget-video,.e-con>.elementor-widget-video{width:var(--container-widget-width);--flex-grow:var(--container-widget-flex-grow)}<\/style>\t\t<div class=\"elementor-wrapper elementor-open-inline\">\n\t\t\t<div class=\"elementor-video\"><\/div>\t\t<\/div>\n\t\t\t\t<\/div>\n\t\t\t\t<\/div>\n\t\t\t\t\t<\/div>\n\t\t<\/div>\n\t\t\t\t\t\t\t<\/div>\n\t\t<\/section>\n\t\t\t\t<section class=\"elementor-section elementor-top-section elementor-element elementor-element-bfbcc4d elementor-section-boxed elementor-section-height-default elementor-section-height-default\" data-id=\"bfbcc4d\" data-element_type=\"section\">\n\t\t\t\t\t\t<div class=\"elementor-container elementor-column-gap-default\">\n\t\t\t\t\t<div class=\"elementor-column elementor-col-100 elementor-top-column elementor-element elementor-element-f4b6187\" data-id=\"f4b6187\" data-element_type=\"column\">\n\t\t\t<div class=\"elementor-widget-wrap\">\n\t\t\t\t\t\t\t\t\t<\/div>\n\t\t<\/div>\n\t\t\t\t\t\t\t<\/div>\n\t\t<\/section>\n\t\t\t\t<section class=\"elementor-section elementor-top-section elementor-element elementor-element-a8d5584 elementor-section-boxed elementor-section-height-default elementor-section-height-default\" data-id=\"a8d5584\" data-element_type=\"section\">\n\t\t\t\t\t\t<div class=\"elementor-container elementor-column-gap-default\">\n\t\t\t\t\t<div class=\"elementor-column elementor-col-100 elementor-top-column elementor-element elementor-element-68b22dd\" data-id=\"68b22dd\" data-element_type=\"column\">\n\t\t\t<div class=\"elementor-widget-wrap elementor-element-populated\">\n\t\t\t\t\t\t\t\t<div class=\"elementor-element elementor-element-134db3a elementor-widget elementor-widget-image\" data-id=\"134db3a\" data-element_type=\"widget\" data-widget_type=\"image.default\">\n\t\t\t\t<div class=\"elementor-widget-container\">\n\t\t\t\t\t\t\t\t\t\t\t\t\t\t\t<img decoding=\"async\" width=\"778\" height=\"468\" src=\"data:image\/svg+xml,%3Csvg%20xmlns%3D&#39;http%3A%2F%2Fwww.w3.org%2F2000%2Fsvg&#39;%20width=&#39;778&#39;%20height=&#39;468&#39;%20viewBox%3D&#39;0%200%20778%20468&#39;%2F%3E\" data-czlz data-src=\"https:\/\/mhsgroup-eg.com\/fr\/wp-content\/uploads\/2023\/03\/pic7.jpg\" class=\"attachment-large size-large wp-image-1122\" alt=\"\" data-srcset=\"https:\/\/mhsgroup-eg.com\/fr\/wp-content\/uploads\/2023\/03\/pic7.jpg 778w, https:\/\/mhsgroup-eg.com\/fr\/wp-content\/uploads\/2023\/03\/pic7-300x180.jpg 300w, https:\/\/mhsgroup-eg.com\/fr\/wp-content\/uploads\/2023\/03\/pic7-768x462.jpg 768w, https:\/\/mhsgroup-eg.com\/fr\/wp-content\/uploads\/2023\/03\/pic7-600x361.jpg 600w\" data-sizes=\"(max-width: 778px) 100vw, 778px\" \/>\t\t\t\t\t\t\t\t\t\t\t\t\t\t\t<\/div>\n\t\t\t\t<\/div>\n\t\t\t\t<div class=\"elementor-element elementor-element-4542ea7 elementor-widget elementor-widget-image\" data-id=\"4542ea7\" data-element_type=\"widget\" data-widget_type=\"image.default\">\n\t\t\t\t<div class=\"elementor-widget-container\">\n\t\t\t\t\t\t\t\t\t\t\t\t\t\t\t<img decoding=\"async\" width=\"858\" height=\"440\" src=\"data:image\/svg+xml,%3Csvg%20xmlns%3D&#39;http%3A%2F%2Fwww.w3.org%2F2000%2Fsvg&#39;%20width=&#39;858&#39;%20height=&#39;440&#39;%20viewBox%3D&#39;0%200%20858%20440&#39;%2F%3E\" data-czlz data-src=\"https:\/\/mhsgroup-eg.com\/fr\/wp-content\/uploads\/2023\/03\/pic6.jpg\" class=\"attachment-large size-large wp-image-1123\" alt=\"\" data-srcset=\"https:\/\/mhsgroup-eg.com\/fr\/wp-content\/uploads\/2023\/03\/pic6.jpg 858w, https:\/\/mhsgroup-eg.com\/fr\/wp-content\/uploads\/2023\/03\/pic6-300x154.jpg 300w, https:\/\/mhsgroup-eg.com\/fr\/wp-content\/uploads\/2023\/03\/pic6-768x394.jpg 768w, https:\/\/mhsgroup-eg.com\/fr\/wp-content\/uploads\/2023\/03\/pic6-600x308.jpg 600w\" data-sizes=\"(max-width: 858px) 100vw, 858px\" \/>\t\t\t\t\t\t\t\t\t\t\t\t\t\t\t<\/div>\n\t\t\t\t<\/div>\n\t\t\t\t\t<\/div>\n\t\t<\/div>\n\t\t\t\t\t\t\t<\/div>\n\t\t<\/section>\n\t\t\t\t<section class=\"elementor-section elementor-top-section elementor-element elementor-element-2bea31b elementor-section-full_width elementor-section-height-default elementor-section-height-default\" data-id=\"2bea31b\" data-element_type=\"section\">\n\t\t\t\t\t\t<div class=\"elementor-container elementor-column-gap-default\">\n\t\t\t\t\t<div class=\"elementor-column elementor-col-66 elementor-top-column elementor-element elementor-element-78b40ea\" data-id=\"78b40ea\" data-element_type=\"column\" data-settings=\"{&quot;background_background&quot;:&quot;classic&quot;}\">\n\t\t\t<div class=\"elementor-widget-wrap elementor-element-populated\">\n\t\t\t\t\t\t\t\t<div class=\"elementor-element elementor-element-814469a elementor-widget elementor-widget-cz_title\" data-id=\"814469a\" data-element_type=\"widget\" data-widget_type=\"cz_title.default\">\n\t\t\t\t<div class=\"elementor-widget-container\">\n\t\t\t\t\r\n\t\t<div>\r\n\t\t\t<div class=\"cz_title clr cz_smart_fs cz_mobile_text_center cz_title_pos_inline\"><div class=\"cz_title_content\"><div class=\"cz_wpe_content\"><h2><span style=\"color: #ffffff;\">Vous avez une demande ou une requ\u00eate ?<\/span><\/h2><\/div><\/div><\/div>\r\n\t\t<\/div>\r\n\t\t\r\n\t\t\t\t<\/div>\n\t\t\t\t<\/div>\n\t\t\t\t\t<\/div>\n\t\t<\/div>\n\t\t\t\t<div class=\"elementor-column elementor-col-33 elementor-top-column elementor-element elementor-element-3ed5618\" data-id=\"3ed5618\" data-element_type=\"column\" data-settings=\"{&quot;background_background&quot;:&quot;classic&quot;}\">\n\t\t\t<div class=\"elementor-widget-wrap elementor-element-populated\">\n\t\t\t\t\t\t\t\t<div class=\"elementor-element elementor-element-538f05d elementor-widget elementor-widget-cz_button\" data-id=\"538f05d\" data-element_type=\"widget\" data-widget_type=\"cz_button.default\">\n\t\t\t\t<div class=\"elementor-widget-container\">\n\t\t\t\t\t<div class=\"cz_btn_center\">\r\n\t\t\t<div>\r\n\t\t\t\t<a href=\"https:\/\/mhsgroup-eg.com\/fr\/contact\/\" target=\"_blank\" rel=\"nofollow\" class=\"cz_btn cz_btn_txt_no_fx cz_btn_fill_up\">\r\n\r\n\t\t\t\t\t<span>\t\t\t\t\t\t<strong>Contactez-nous maintenant\t\t\t\t\t\t\t\t\t\t\t\t\t<\/strong>\r\n\t\t\t\t\t\t\t\t\t\t\t<\/span>\r\n\r\n\t\t\t\t\t<b class=\"cz_btn_onhover\">\r\n\t\t\t\t\t\t\t\t\t\t\t\t<strong>\r\n\t\t\t\t\t\t\tContactez-nous maintenant\t\t\t\t\t\t\t\t\t\t\t\t\t<\/strong>\r\n\t\t\t\t\t\t\t\t\t\t\t<\/b>\r\n\r\n\t\t\t\t<\/a>\r\n\t\t\t<\/div>\r\n\t\t<\/div> \t\t\t\t<\/div>\n\t\t\t\t<\/div>\n\t\t\t\t\t<\/div>\n\t\t<\/div>\n\t\t\t\t\t\t\t<\/div>\n\t\t<\/section>\n\t\t\t\t\t\t\t<\/div>\n\t\t","protected":false},"excerpt":{"rendered":"<p>_ Les agents de la soci\u00e9t\u00e9 chinoise RIFA. Nous, soci\u00e9t\u00e9 chinoise &#8230; <\/p>\n","protected":false},"author":1,"featured_media":0,"parent":0,"menu_order":0,"comment_status":"closed","ping_status":"closed","template":"","meta":{"footnotes":""},"class_list":["post-1119","page","type-page","status-publish","hentry"],"_links":{"self":[{"href":"https:\/\/mhsgroup-eg.com\/fr\/wp-json\/wp\/v2\/pages\/1119","targetHints":{"allow":["GET"]}}],"collection":[{"href":"https:\/\/mhsgroup-eg.com\/fr\/wp-json\/wp\/v2\/pages"}],"about":[{"href":"https:\/\/mhsgroup-eg.com\/fr\/wp-json\/wp\/v2\/types\/page"}],"author":[{"embeddable":true,"href":"https:\/\/mhsgroup-eg.com\/fr\/wp-json\/wp\/v2\/users\/1"}],"replies":[{"embeddable":true,"href":"https:\/\/mhsgroup-eg.com\/fr\/wp-json\/wp\/v2\/comments?post=1119"}],"version-history":[{"count":27,"href":"https:\/\/mhsgroup-eg.com\/fr\/wp-json\/wp\/v2\/pages\/1119\/revisions"}],"predecessor-version":[{"id":2391,"href":"https:\/\/mhsgroup-eg.com\/fr\/wp-json\/wp\/v2\/pages\/1119\/revisions\/2391"}],"wp:attachment":[{"href":"https:\/\/mhsgroup-eg.com\/fr\/wp-json\/wp\/v2\/media?parent=1119"}],"curies":[{"name":"wp","href":"https:\/\/api.w.org\/{rel}","templated":true}]}}